{"id":52,"date":"2024-03-06T05:59:17","date_gmt":"2024-03-06T05:59:17","guid":{"rendered":"https:\/\/marbarasesores.es\/?page_id=52"},"modified":"2025-06-03T09:36:41","modified_gmt":"2025-06-03T09:36:41","slug":"home","status":"publish","type":"page","link":"https:\/\/marbarasesores.es\/","title":{"rendered":"Home"},"content":{"rendered":"\n<div class=\"wp-block-columns are-vertically-aligned-top is-layout-flex wp-container-core-columns-layout-4 wp-block-columns-is-layout-flex\">\n<div class=\"wp-block-column is-vertically-aligned-top is-layout-flow wp-block-column-is-layout-flow\">\n<figure class=\"wp-block-image aligncenter size-full\"><img loading=\"lazy\" decoding=\"async\" width=\"800\" height=\"309\" src=\"https:\/\/marbarasesores.es\/wp-content\/uploads\/2024\/03\/home_.webp\" alt=\"\" class=\"wp-image-55\" srcset=\"https:\/\/marbarasesores.es\/wp-content\/uploads\/2024\/03\/home_.webp 800w, https:\/\/marbarasesores.es\/wp-content\/uploads\/2024\/03\/home_-300x116.webp 300w, https:\/\/marbarasesores.es\/wp-content\/uploads\/2024\/03\/home_-768x297.webp 768w\" sizes=\"(max-width: 800px) 100vw, 800px\" \/><\/figure>\n\n\n\n<h2 class=\"wp-block-heading has-text-align-center\" style=\"margin-top:var(--wp--preset--spacing--40);margin-bottom:var(--wp--preset--spacing--40)\">Marbar asesores, su confianza, nuestro mayor \u00e9xito.<\/h2>\n\n\n\n<p>Somos una asesor\u00eda con una <strong>amplia experiencia<\/strong> en gesti\u00f3n personalizada y con actualizaciones constantes en todas las novedades en materia <strong>fiscal , laboral y mercantil<\/strong>.<br><br>Un equipo formado por especialistas en consultor\u00eda para <strong>pymes y empresas<\/strong> dispuestos a ofrecerles el mejor servicio.<\/p>\n\n\n\n<div class=\"wp-block-columns is-layout-flex wp-container-core-columns-layout-1 wp-block-columns-is-layout-flex\">\n<div class=\"wp-block-column is-layout-flow wp-block-column-is-layout-flow\">\n<figure class=\"wp-block-image alignright size-full\"><a href=\"https:\/\/marbarasesores.es\/?page_id=34\"><img loading=\"lazy\" decoding=\"async\" width=\"500\" height=\"333\" src=\"http:\/\/marbarasesores.es\/wp-content\/uploads\/2024\/03\/as_laboral.webp\" alt=\"\" class=\"wp-image-68\" srcset=\"https:\/\/marbarasesores.es\/wp-content\/uploads\/2024\/03\/as_laboral.webp 500w, https:\/\/marbarasesores.es\/wp-content\/uploads\/2024\/03\/as_laboral-300x200.webp 300w\" sizes=\"(max-width: 500px) 100vw, 500px\" \/><\/a><\/figure>\n<\/div>\n\n\n\n<div class=\"wp-block-column is-layout-flow wp-block-column-is-layout-flow\">\n<h2 class=\"wp-block-heading\">Asesor\u00eda Laboral<\/h2>\n\n\n\n<p>Trabajamos de la mano de tu empresa para ofrecerte los mejores servicios en materia laboral, con el objetivo de <strong>cumplir con todas las obligaciones legales<\/strong> en el \u00e1mbito empresarial y profesional.&nbsp;<\/p>\n<\/div>\n<\/div>\n\n\n\n<div class=\"wp-block-columns is-layout-flex wp-container-core-columns-layout-2 wp-block-columns-is-layout-flex\">\n<div class=\"wp-block-column is-layout-flow wp-block-column-is-layout-flow\">\n<h2 class=\"wp-block-heading has-text-align-right\">Asesor\u00eda Jur\u00eddica<\/h2>\n\n\n\n<p class=\"has-text-align-right\">En este \u00e1mbito nos encargamos de asesorar, acompa\u00f1ar, informar y coordinar la actividad empresarial en todo aquello relacionado con la <strong>aplicaci\u00f3n de normativas, leyes y reglamentos en materia de Derecho<\/strong>, ocupando todas las ramas de la misma.<\/p>\n<\/div>\n\n\n\n<div class=\"wp-block-column is-layout-flow wp-block-column-is-layout-flow\">\n<figure class=\"wp-block-image size-full\"><a href=\"https:\/\/marbarasesores.es\/?page_id=10\"><img loading=\"lazy\" decoding=\"async\" width=\"500\" height=\"333\" src=\"http:\/\/marbarasesores.es\/wp-content\/uploads\/2024\/03\/as_juridica.webp\" alt=\"\" class=\"wp-image-69\" srcset=\"https:\/\/marbarasesores.es\/wp-content\/uploads\/2024\/03\/as_juridica.webp 500w, https:\/\/marbarasesores.es\/wp-content\/uploads\/2024\/03\/as_juridica-300x200.webp 300w\" sizes=\"(max-width: 500px) 100vw, 500px\" \/><\/a><\/figure>\n<\/div>\n<\/div>\n\n\n\n<div class=\"wp-block-columns is-layout-flex wp-container-core-columns-layout-3 wp-block-columns-is-layout-flex\">\n<div class=\"wp-block-column is-layout-flow wp-block-column-is-layout-flow\">\n<figure class=\"wp-block-image alignright size-full\"><a href=\"https:\/\/marbarasesores.es\/?page_id=37\"><img loading=\"lazy\" decoding=\"async\" width=\"500\" height=\"333\" src=\"https:\/\/marbarasesores.es\/wp-content\/uploads\/2024\/03\/as_contable_.webp\" alt=\"\" class=\"wp-image-112\" srcset=\"https:\/\/marbarasesores.es\/wp-content\/uploads\/2024\/03\/as_contable_.webp 500w, https:\/\/marbarasesores.es\/wp-content\/uploads\/2024\/03\/as_contable_-300x200.webp 300w\" sizes=\"(max-width: 500px) 100vw, 500px\" \/><\/a><\/figure>\n<\/div>\n\n\n\n<div class=\"wp-block-column is-layout-flow wp-block-column-is-layout-flow\">\n<h2 class=\"wp-block-heading\">Asesor\u00eda Contable<\/h2>\n\n\n\n<p>Nos encargamos de los servicios relacionados con el registro mercantil, desde la constituci\u00f3n de las sociedades hasta su liquidaci\u00f3n. Acompa\u00f1\u00e1ndole en un servicio de <strong>asesoramiento empresarial completo<\/strong> ajustado con la econom\u00eda de su empresa.<\/p>\n<\/div>\n<\/div>\n<\/div>\n<\/div>\n","protected":false},"excerpt":{"rendered":"<p>Marbar asesores, su confianza, nuestro mayor \u00e9xito. Somos una asesor\u00eda con una amplia experiencia en gesti\u00f3n personalizada y con actualizaciones constantes en todas las novedades en materia fiscal , laboral y mercantil. Un equipo formado por especialistas en consultor\u00eda para pymes y empresas dispuestos a ofrecerles el mejor servicio. Asesor\u00eda Laboral Trabajamos de la mano [&hellip;]<\/p>\n","protected":false},"author":2,"featured_media":0,"parent":0,"menu_order":0,"comment_status":"closed","ping_status":"closed","template":"","meta":{"site-sidebar-layout":"default","site-content-layout":"","ast-site-content-layout":"","site-content-style":"default","site-sidebar-style":"default","ast-global-header-display":"","ast-banner-title-visibility":"","ast-main-header-display":"","ast-hfb-above-header-display":"","ast-hfb-below-header-display":"","ast-hfb-mobile-header-display":"","site-post-title":"disabled","ast-breadcrumbs-content":"","ast-featured-img":"","footer-sml-layout":"","theme-transparent-header-meta":"","adv-header-id-meta":"","stick-header-meta":"","header-above-stick-meta":"","header-main-stick-meta":"","header-below-stick-meta":"","astra-migrate-meta-layouts":"default","ast-page-background-enabled":"default","ast-page-background-meta":{"desktop":{"background-color":"var(--ast-global-color-4)","background-image":"","background-repeat":"repeat","background-position":"center center","background-size":"auto","background-attachment":"scroll","background-type":"","background-media":"","overlay-type":"","overlay-color":"","overlay-gradient":""},"tablet":{"background-color":"","background-image":"","background-repeat":"repeat","background-position":"center center","background-size":"auto","background-attachment":"scroll","background-type":"","background-media":"","overlay-type":"","overlay-color":"","overlay-gradient":""},"mobile":{"background-color":"","background-image":"","background-repeat":"repeat","background-position":"center center","background-size":"auto","background-attachment":"scroll","background-type":"","background-media":"","overlay-type":"","overlay-color":"","overlay-gradient":""}},"ast-content-background-meta":{"desktop":{"background-color":"var(--ast-global-color-5)","background-image":"","background-repeat":"repeat","background-position":"center center","background-size":"auto","background-attachment":"scroll","background-type":"","background-media":"","overlay-type":"","overlay-color":"","overlay-gradient":""},"tablet":{"background-color":"var(--ast-global-color-5)","background-image":"","background-repeat":"repeat","background-position":"center center","background-size":"auto","background-attachment":"scroll","background-type":"","background-media":"","overlay-type":"","overlay-color":"","overlay-gradient":""},"mobile":{"background-color":"var(--ast-global-color-5)","background-image":"","background-repeat":"repeat","background-position":"center center","background-size":"auto","background-attachment":"scroll","background-type":"","background-media":"","overlay-type":"","overlay-color":"","overlay-gradient":""}},"footnotes":""},"_links":{"self":[{"href":"https:\/\/marbarasesores.es\/index.php?rest_route=\/wp\/v2\/pages\/52"}],"collection":[{"href":"https:\/\/marbarasesores.es\/index.php?rest_route=\/wp\/v2\/pages"}],"about":[{"href":"https:\/\/marbarasesores.es\/index.php?rest_route=\/wp\/v2\/types\/page"}],"author":[{"embeddable":true,"href":"https:\/\/marbarasesores.es\/index.php?rest_route=\/wp\/v2\/users\/2"}],"replies":[{"embeddable":true,"href":"https:\/\/marbarasesores.es\/index.php?rest_route=%2Fwp%2Fv2%2Fcomments&post=52"}],"version-history":[{"count":15,"href":"https:\/\/marbarasesores.es\/index.php?rest_route=\/wp\/v2\/pages\/52\/revisions"}],"predecessor-version":[{"id":141,"href":"https:\/\/marbarasesores.es\/index.php?rest_route=\/wp\/v2\/pages\/52\/revisions\/141"}],"wp:attachment":[{"href":"https:\/\/marbarasesores.es\/index.php?rest_route=%2Fwp%2Fv2%2Fmedia&parent=52"}],"curies":[{"name":"wp","href":"https:\/\/api.w.org\/{rel}","templated":true}]}}