{"id":37,"date":"2021-09-23T21:23:53","date_gmt":"2021-09-23T21:23:53","guid":{"rendered":"http:\/\/marbarasesores.es\/?page_id=37"},"modified":"2024-03-11T08:02:40","modified_gmt":"2024-03-11T08:02:40","slug":"asesoria-contable","status":"publish","type":"page","link":"https:\/\/marbarasesores.es\/?page_id=37","title":{"rendered":"Asesor\u00eda Contable"},"content":{"rendered":"\n<div class=\"wp-block-columns is-layout-flex wp-container-core-columns-layout-1 wp-block-columns-is-layout-flex\">\n<div class=\"wp-block-column is-layout-flow wp-block-column-is-layout-flow\">\n<figure class=\"wp-block-image aligncenter size-full\"><img loading=\"lazy\" decoding=\"async\" width=\"800\" height=\"309\" src=\"https:\/\/marbarasesores.es\/wp-content\/uploads\/2024\/03\/cab_contable.webp\" alt=\"\" class=\"wp-image-78\" srcset=\"https:\/\/marbarasesores.es\/wp-content\/uploads\/2024\/03\/cab_contable.webp 800w, https:\/\/marbarasesores.es\/wp-content\/uploads\/2024\/03\/cab_contable-300x116.webp 300w, https:\/\/marbarasesores.es\/wp-content\/uploads\/2024\/03\/cab_contable-768x297.webp 768w\" sizes=\"(max-width: 800px) 100vw, 800px\" \/><\/figure>\n\n\n\n<p><\/p>\n\n\n\n<h2 class=\"wp-block-heading\">Asesor\u00eda Contable<\/h2>\n\n\n\n<p>Nos encargamos de los servicios relacionados con el registro mercantil, <strong>desde la constituci\u00f3n de las sociedades hasta su liquidaci\u00f3n<\/strong>. Acompa\u00f1\u00e1ndole en un servicio de <strong>asesoramiento empresarial completo<\/strong> ajustado con la econom\u00eda de su empresa.<\/p>\n<\/div>\n<\/div>\n","protected":false},"excerpt":{"rendered":"<p>Asesor\u00eda Contable Nos encargamos de los servicios relacionados con el registro mercantil, desde la constituci\u00f3n de las sociedades hasta su liquidaci\u00f3n. Acompa\u00f1\u00e1ndole en un servicio de asesoramiento empresarial completo ajustado con la econom\u00eda de su empresa.<\/p>\n","protected":false},"author":1,"featured_media":0,"parent":0,"menu_order":0,"comment_status":"closed","ping_status":"closed","template":"","meta":{"site-sidebar-layout":"default","site-content-layout":"","ast-site-content-layout":"","site-content-style":"default","site-sidebar-style":"default","ast-global-header-display":"","ast-banner-title-visibility":"","ast-main-header-display":"","ast-hfb-above-header-display":"","ast-hfb-below-header-display":"","ast-hfb-mobile-header-display":"","site-post-title":"disabled","ast-breadcrumbs-content":"","ast-featured-img":"","footer-sml-layout":"","theme-transparent-header-meta":"","adv-header-id-meta":"","stick-header-meta":"","header-above-stick-meta":"","header-main-stick-meta":"","header-below-stick-meta":"","astra-migrate-meta-layouts":"default","ast-page-background-enabled":"default","ast-page-background-meta":{"desktop":{"background-color":"var(--ast-global-color-4)","background-image":"","background-repeat":"repeat","background-position":"center center","background-size":"auto","background-attachment":"scroll","background-type":"","background-media":"","overlay-type":"","overlay-color":"","overlay-gradient":""},"tablet":{"background-color":"","background-image":"","background-repeat":"repeat","background-position":"center center","background-size":"auto","background-attachment":"scroll","background-type":"","background-media":"","overlay-type":"","overlay-color":"","overlay-gradient":""},"mobile":{"background-color":"","background-image":"","background-repeat":"repeat","background-position":"center center","background-size":"auto","background-attachment":"scroll","background-type":"","background-media":"","overlay-type":"","overlay-color":"","overlay-gradient":""}},"ast-content-background-meta":{"desktop":{"background-color":"var(--ast-global-color-5)","background-image":"","background-repeat":"repeat","background-position":"center center","background-size":"auto","background-attachment":"scroll","background-type":"","background-media":"","overlay-type":"","overlay-color":"","overlay-gradient":""},"tablet":{"background-color":"var(--ast-global-color-5)","background-image":"","background-repeat":"repeat","background-position":"center center","background-size":"auto","background-attachment":"scroll","background-type":"","background-media":"","overlay-type":"","overlay-color":"","overlay-gradient":""},"mobile":{"background-color":"var(--ast-global-color-5)","background-image":"","background-repeat":"repeat","background-position":"center center","background-size":"auto","background-attachment":"scroll","background-type":"","background-media":"","overlay-type":"","overlay-color":"","overlay-gradient":""}},"footnotes":""},"_links":{"self":[{"href":"https:\/\/marbarasesores.es\/index.php?rest_route=\/wp\/v2\/pages\/37"}],"collection":[{"href":"https:\/\/marbarasesores.es\/index.php?rest_route=\/wp\/v2\/pages"}],"about":[{"href":"https:\/\/marbarasesores.es\/index.php?rest_route=\/wp\/v2\/types\/page"}],"author":[{"embeddable":true,"href":"https:\/\/marbarasesores.es\/index.php?rest_route=\/wp\/v2\/users\/1"}],"replies":[{"embeddable":true,"href":"https:\/\/marbarasesores.es\/index.php?rest_route=%2Fwp%2Fv2%2Fcomments&post=37"}],"version-history":[{"count":7,"href":"https:\/\/marbarasesores.es\/index.php?rest_route=\/wp\/v2\/pages\/37\/revisions"}],"predecessor-version":[{"id":122,"href":"https:\/\/marbarasesores.es\/index.php?rest_route=\/wp\/v2\/pages\/37\/revisions\/122"}],"wp:attachment":[{"href":"https:\/\/marbarasesores.es\/index.php?rest_route=%2Fwp%2Fv2%2Fmedia&parent=37"}],"curies":[{"name":"wp","href":"https:\/\/api.w.org\/{rel}","templated":true}]}}