{"id":34,"date":"2021-09-23T21:17:56","date_gmt":"2021-09-23T21:17:56","guid":{"rendered":"http:\/\/marbarasesores.es\/?page_id=34"},"modified":"2024-03-11T08:00:22","modified_gmt":"2024-03-11T08:00:22","slug":"asesoria-laboral","status":"publish","type":"page","link":"http:\/\/marbarasesores.es\/?page_id=34","title":{"rendered":"Asesor\u00eda Laboral"},"content":{"rendered":"\n<div class=\"wp-block-columns is-layout-flex wp-container-core-columns-layout-1 wp-block-columns-is-layout-flex\">\n<div class=\"wp-block-column is-layout-flow wp-block-column-is-layout-flow\">\n<figure class=\"wp-block-image aligncenter size-full\"><img loading=\"lazy\" decoding=\"async\" width=\"800\" height=\"309\" src=\"https:\/\/marbarasesores.es\/wp-content\/uploads\/2024\/03\/as_laboral_cab.webp\" alt=\"\" class=\"wp-image-125\" srcset=\"http:\/\/marbarasesores.es\/wp-content\/uploads\/2024\/03\/as_laboral_cab.webp 800w, http:\/\/marbarasesores.es\/wp-content\/uploads\/2024\/03\/as_laboral_cab-300x116.webp 300w, http:\/\/marbarasesores.es\/wp-content\/uploads\/2024\/03\/as_laboral_cab-768x297.webp 768w\" sizes=\"(max-width: 800px) 100vw, 800px\" \/><\/figure>\n\n\n\n<p><\/p>\n\n\n\n<h2 class=\"wp-block-heading\">Asesor\u00eda Laboral<\/h2>\n\n\n\n<p>Trabajamos de la mano de tu empresa para ofrecerte los mejores servicios en materia laboral, con el objetivo de <strong>cumplir con todas las obligaciones legales en el \u00e1mbito empresarial y profesional<\/strong>. Es importante tener en cuenta las obligaciones con la administraci\u00f3n y aquellos tr\u00e1mites legales que han de llevarse a cabo, pero no menos importante las posibles sanciones por infracciones en materia laboral.<br>Entre los servicios que ofrecemos est\u00e1n:<\/p>\n\n\n\n<ul>\n<li><strong>Gesti\u00f3n y control<\/strong> riguroso de las <strong>altas<\/strong>, <strong>bajas<\/strong> y posibles <strong>variaciones de datos<\/strong> que se produzcan durante la relaci\u00f3n laboral.<\/li>\n\n\n\n<li>Comunicaci\u00f3n a la <strong>Tesorer\u00eda General de la Seguridad Social<\/strong>.<\/li>\n\n\n\n<li>Asesoramiento en material de <strong>riesgos laborales<\/strong><\/li>\n\n\n\n<li>Elaboraci\u00f3n de <strong>n\u00f3minas y seguros sociales<\/strong>.<\/li>\n\n\n\n<li><strong>Alta<\/strong> de la empresa en la <strong>seguridad social<\/strong> y en la <strong>autoridad laboral<\/strong>, as\u00ed como de sus trabajadores.<\/li>\n<\/ul>\n<\/div>\n<\/div>\n","protected":false},"excerpt":{"rendered":"<p>Asesor\u00eda Laboral Trabajamos de la mano de tu empresa para ofrecerte los mejores servicios en materia laboral, con el objetivo de cumplir con todas las obligaciones legales en el \u00e1mbito empresarial y profesional. Es importante tener en cuenta las obligaciones con la administraci\u00f3n y aquellos tr\u00e1mites legales que han de llevarse a cabo, pero no [&hellip;]<\/p>\n","protected":false},"author":1,"featured_media":0,"parent":0,"menu_order":0,"comment_status":"closed","ping_status":"closed","template":"","meta":{"site-sidebar-layout":"default","site-content-layout":"","ast-site-content-layout":"","site-content-style":"default","site-sidebar-style":"default","ast-global-header-display":"","ast-banner-title-visibility":"","ast-main-header-display":"","ast-hfb-above-header-display":"","ast-hfb-below-header-display":"","ast-hfb-mobile-header-display":"","site-post-title":"disabled","ast-breadcrumbs-content":"","ast-featured-img":"","footer-sml-layout":"","theme-transparent-header-meta":"","adv-header-id-meta":"","stick-header-meta":"","header-above-stick-meta":"","header-main-stick-meta":"","header-below-stick-meta":"","astra-migrate-meta-layouts":"default","ast-page-background-enabled":"default","ast-page-background-meta":{"desktop":{"background-color":"var(--ast-global-color-4)","background-image":"","background-repeat":"repeat","background-position":"center center","background-size":"auto","background-attachment":"scroll","background-type":"","background-media":"","overlay-type":"","overlay-color":"","overlay-gradient":""},"tablet":{"background-color":"","background-image":"","background-repeat":"repeat","background-position":"center center","background-size":"auto","background-attachment":"scroll","background-type":"","background-media":"","overlay-type":"","overlay-color":"","overlay-gradient":""},"mobile":{"background-color":"","background-image":"","background-repeat":"repeat","background-position":"center center","background-size":"auto","background-attachment":"scroll","background-type":"","background-media":"","overlay-type":"","overlay-color":"","overlay-gradient":""}},"ast-content-background-meta":{"desktop":{"background-color":"var(--ast-global-color-5)","background-image":"","background-repeat":"repeat","background-position":"center center","background-size":"auto","background-attachment":"scroll","background-type":"","background-media":"","overlay-type":"","overlay-color":"","overlay-gradient":""},"tablet":{"background-color":"var(--ast-global-color-5)","background-image":"","background-repeat":"repeat","background-position":"center center","background-size":"auto","background-attachment":"scroll","background-type":"","background-media":"","overlay-type":"","overlay-color":"","overlay-gradient":""},"mobile":{"background-color":"var(--ast-global-color-5)","background-image":"","background-repeat":"repeat","background-position":"center center","background-size":"auto","background-attachment":"scroll","background-type":"","background-media":"","overlay-type":"","overlay-color":"","overlay-gradient":""}},"footnotes":""},"_links":{"self":[{"href":"http:\/\/marbarasesores.es\/index.php?rest_route=\/wp\/v2\/pages\/34"}],"collection":[{"href":"http:\/\/marbarasesores.es\/index.php?rest_route=\/wp\/v2\/pages"}],"about":[{"href":"http:\/\/marbarasesores.es\/index.php?rest_route=\/wp\/v2\/types\/page"}],"author":[{"embeddable":true,"href":"http:\/\/marbarasesores.es\/index.php?rest_route=\/wp\/v2\/users\/1"}],"replies":[{"embeddable":true,"href":"http:\/\/marbarasesores.es\/index.php?rest_route=%2Fwp%2Fv2%2Fcomments&post=34"}],"version-history":[{"count":5,"href":"http:\/\/marbarasesores.es\/index.php?rest_route=\/wp\/v2\/pages\/34\/revisions"}],"predecessor-version":[{"id":126,"href":"http:\/\/marbarasesores.es\/index.php?rest_route=\/wp\/v2\/pages\/34\/revisions\/126"}],"wp:attachment":[{"href":"http:\/\/marbarasesores.es\/index.php?rest_route=%2Fwp%2Fv2%2Fmedia&parent=34"}],"curies":[{"name":"wp","href":"https:\/\/api.w.org\/{rel}","templated":true}]}}