{"id":25,"date":"2021-09-23T20:54:16","date_gmt":"2021-09-23T20:54:16","guid":{"rendered":"http:\/\/marbarasesores.es\/?page_id=25"},"modified":"2024-03-06T08:10:19","modified_gmt":"2024-03-06T08:10:19","slug":"contacto-y-direccion","status":"publish","type":"page","link":"http:\/\/marbarasesores.es\/?page_id=25","title":{"rendered":"Contacto y Direcci\u00f3n"},"content":{"rendered":"\n<div class=\"wp-block-columns is-layout-flex wp-container-core-columns-layout-1 wp-block-columns-is-layout-flex\">\n<div class=\"wp-block-column is-layout-flow wp-block-column-is-layout-flow\">\n<figure class=\"wp-block-image aligncenter size-full\"><img loading=\"lazy\" decoding=\"async\" width=\"800\" height=\"309\" src=\"https:\/\/marbarasesores.es\/wp-content\/uploads\/2024\/03\/oficina.webp\" alt=\"\" class=\"wp-image-102\" srcset=\"http:\/\/marbarasesores.es\/wp-content\/uploads\/2024\/03\/oficina.webp 800w, http:\/\/marbarasesores.es\/wp-content\/uploads\/2024\/03\/oficina-300x116.webp 300w, http:\/\/marbarasesores.es\/wp-content\/uploads\/2024\/03\/oficina-768x297.webp 768w\" sizes=\"(max-width: 800px) 100vw, 800px\" \/><\/figure>\n\n\n\n<p><\/p>\n\n\n\n<h2 class=\"wp-block-heading\">Contacto y Direcci\u00f3n<\/h2>\n\n\n\n<p>Estamos a tu disposici\u00f3n en<\/p>\n\n\n\n<p>Calle del Sol, 32, Bloque 2 bajo.<br>39793 Villaverde de Pontones, Cantabria<\/p>\n\n\n\n<p>Tel\u00e9fono:<a href=\"tel:942395675\"> 942 39 56 75<\/a><\/p>\n\n\n\n<p>Nuestro horario es de 8:00 a 15:00h<\/p>\n\n\n\n<iframe src=\"https:\/\/www.google.com\/maps\/embed?pb=!1m18!1m12!1m3!1d2898.320854668006!2d-3.6981143!3d43.4121226!2m3!1f0!2f0!3f0!3m2!1i1024!2i768!4f13.1!3m3!1m2!1s0xd494ad2e9633717%3A0x748332208f1c67d7!2sMarbar%20Asesores!5e0!3m2!1ses!2ses!4v1709710827340!5m2!1ses!2ses\" width=\"600\" height=\"450\" style=\"border:0;\" allowfullscreen=\"\" loading=\"lazy\" referrerpolicy=\"no-referrer-when-downgrade\"><\/iframe>\n<\/div>\n<\/div>\n","protected":false},"excerpt":{"rendered":"<p>Contacto y Direcci\u00f3n Estamos a tu disposici\u00f3n en Calle del Sol, 32, Bloque 2 bajo.39793 Villaverde de Pontones, Cantabria Tel\u00e9fono: 942 39 56 75 Nuestro horario es de 8:00 a 15:00h<\/p>\n","protected":false},"author":1,"featured_media":0,"parent":0,"menu_order":0,"comment_status":"closed","ping_status":"closed","template":"","meta":{"site-sidebar-layout":"default","site-content-layout":"","ast-site-content-layout":"","site-content-style":"default","site-sidebar-style":"default","ast-global-header-display":"","ast-banner-title-visibility":"","ast-main-header-display":"","ast-hfb-above-header-display":"","ast-hfb-below-header-display":"","ast-hfb-mobile-header-display":"","site-post-title":"disabled","ast-breadcrumbs-content":"","ast-featured-img":"","footer-sml-layout":"","theme-transparent-header-meta":"","adv-header-id-meta":"","stick-header-meta":"","header-above-stick-meta":"","header-main-stick-meta":"","header-below-stick-meta":"","astra-migrate-meta-layouts":"default","ast-page-background-enabled":"default","ast-page-background-meta":{"desktop":{"background-color":"var(--ast-global-color-4)","background-image":"","background-repeat":"repeat","background-position":"center center","background-size":"auto","background-attachment":"scroll","background-type":"","background-media":"","overlay-type":"","overlay-color":"","overlay-gradient":""},"tablet":{"background-color":"","background-image":"","background-repeat":"repeat","background-position":"center center","background-size":"auto","background-attachment":"scroll","background-type":"","background-media":"","overlay-type":"","overlay-color":"","overlay-gradient":""},"mobile":{"background-color":"","background-image":"","background-repeat":"repeat","background-position":"center center","background-size":"auto","background-attachment":"scroll","background-type":"","background-media":"","overlay-type":"","overlay-color":"","overlay-gradient":""}},"ast-content-background-meta":{"desktop":{"background-color":"var(--ast-global-color-5)","background-image":"","background-repeat":"repeat","background-position":"center center","background-size":"auto","background-attachment":"scroll","background-type":"","background-media":"","overlay-type":"","overlay-color":"","overlay-gradient":""},"tablet":{"background-color":"var(--ast-global-color-5)","background-image":"","background-repeat":"repeat","background-position":"center center","background-size":"auto","background-attachment":"scroll","background-type":"","background-media":"","overlay-type":"","overlay-color":"","overlay-gradient":""},"mobile":{"background-color":"var(--ast-global-color-5)","background-image":"","background-repeat":"repeat","background-position":"center center","background-size":"auto","background-attachment":"scroll","background-type":"","background-media":"","overlay-type":"","overlay-color":"","overlay-gradient":""}},"footnotes":""},"_links":{"self":[{"href":"http:\/\/marbarasesores.es\/index.php?rest_route=\/wp\/v2\/pages\/25"}],"collection":[{"href":"http:\/\/marbarasesores.es\/index.php?rest_route=\/wp\/v2\/pages"}],"about":[{"href":"http:\/\/marbarasesores.es\/index.php?rest_route=\/wp\/v2\/types\/page"}],"author":[{"embeddable":true,"href":"http:\/\/marbarasesores.es\/index.php?rest_route=\/wp\/v2\/users\/1"}],"replies":[{"embeddable":true,"href":"http:\/\/marbarasesores.es\/index.php?rest_route=%2Fwp%2Fv2%2Fcomments&post=25"}],"version-history":[{"count":12,"href":"http:\/\/marbarasesores.es\/index.php?rest_route=\/wp\/v2\/pages\/25\/revisions"}],"predecessor-version":[{"id":123,"href":"http:\/\/marbarasesores.es\/index.php?rest_route=\/wp\/v2\/pages\/25\/revisions\/123"}],"wp:attachment":[{"href":"http:\/\/marbarasesores.es\/index.php?rest_route=%2Fwp%2Fv2%2Fmedia&parent=25"}],"curies":[{"name":"wp","href":"https:\/\/api.w.org\/{rel}","templated":true}]}}